{"id":608,"date":"2025-04-27T12:35:37","date_gmt":"2025-04-27T12:35:37","guid":{"rendered":"https:\/\/enmielate.com\/producto\/miel-cruda-de-eucalipto-y-aguacate-premium\/"},"modified":"2025-06-14T01:52:33","modified_gmt":"2025-06-14T01:52:33","slug":"miel-cruda-de-eucalipto-y-aguacate-premium","status":"publish","type":"product","link":"https:\/\/enmielate.com\/en\/producto\/miel-cruda-de-eucalipto-y-aguacate-premium\/","title":{"rendered":"Miel Cruda de Eucalipto y Aguacate Premium"},"content":{"rendered":"","protected":false},"excerpt":{"rendered":"<p>Miel natural de eucalipto y aguacate, pura y sin filtrar.<\/p>\n","protected":false},"featured_media":440,"comment_status":"open","ping_status":"closed","template":"","meta":{"_acf_changed":false,"iawp_total_views":0},"marca":[69,57],"product_brand":[],"product_cat":[101,102],"product_tag":[99,117,125],"class_list":{"0":"post-608","1":"product","2":"type-product","3":"status-publish","4":"has-post-thumbnail","6":"marca-ecomiel","7":"marca-enmielate","8":"product_cat-miel-aguacate-en","9":"product_cat-miel-eucalipto-en","10":"product_tag-miel-cruda-en","11":"product_tag-sabor-unico-en","12":"product_tag-sin-filtrar-en","14":"first","15":"instock","16":"sale","17":"shipping-taxable","18":"purchasable","19":"product-type-simple"},"acf":[],"yoast_head":"<!-- This site is optimized with the Yoast SEO plugin v27.4 - https:\/\/yoast.com\/product\/yoast-seo-wordpress\/ -->\n<title>Miel Cruda de Eucalipto y Aguacate Premium - Enmielate<\/title>\n<meta name=\"description\" content=\"Descubre la miel cruda de eucalipto y aguacate, pura y sin filtrar. Ahora a solo 372,00 \u20ac. Compra online con env\u00edo gratis y garant\u00eda de devoluci\u00f3n 100 d\u00edas.\" \/>\n<meta name=\"robots\" content=\"index, follow, max-snippet:-1, max-image-preview:large, max-video-preview:-1\" \/>\n<link rel=\"canonical\" href=\"https:\/\/enmielate.com\/en\/producto\/miel-cruda-de-eucalipto-y-aguacate-premium\/\" \/>\n<meta property=\"og:locale\" content=\"en_US\" \/>\n<meta property=\"og:type\" content=\"article\" \/>\n<meta property=\"og:title\" content=\"Miel Cruda de Eucalipto y Aguacate Premium - Enmielate\" \/>\n<meta property=\"og:description\" content=\"Descubre la miel cruda de eucalipto y aguacate, pura y sin filtrar. Ahora a solo 372,00 \u20ac. Compra online con env\u00edo gratis y garant\u00eda de devoluci\u00f3n 100 d\u00edas.\" \/>\n<meta property=\"og:url\" content=\"https:\/\/enmielate.com\/en\/producto\/miel-cruda-de-eucalipto-y-aguacate-premium\/\" \/>\n<meta property=\"og:site_name\" content=\"Enmielate.es\" \/>\n<meta property=\"article:modified_time\" content=\"2025-06-14T01:52:33+00:00\" \/>\n<meta property=\"og:image\" content=\"https:\/\/enmielate.com\/wp-content\/uploads\/2025\/04\/Leonardo_Vision_XL_Fondo_de_pradera_soleada_abejas_en_accin_so_0-1024x832.jpg\" \/>\n\t<meta property=\"og:image:width\" content=\"1024\" \/>\n\t<meta property=\"og:image:height\" content=\"832\" \/>\n\t<meta property=\"og:image:type\" content=\"image\/jpeg\" \/>\n<meta name=\"twitter:card\" content=\"summary_large_image\" \/>\n<!-- \/ Yoast SEO plugin. -->","yoast_head_json":{"title":"Miel Cruda de Eucalipto y Aguacate Premium - Enmielate","description":"Descubre la miel cruda de eucalipto y aguacate, pura y sin filtrar. Ahora a solo 372,00 \u20ac. Compra online con env\u00edo gratis y garant\u00eda de devoluci\u00f3n 100 d\u00edas.","robots":{"index":"index","follow":"follow","max-snippet":"max-snippet:-1","max-image-preview":"max-image-preview:large","max-video-preview":"max-video-preview:-1"},"canonical":"https:\/\/enmielate.com\/en\/producto\/miel-cruda-de-eucalipto-y-aguacate-premium\/","og_locale":"en_US","og_type":"article","og_title":"Miel Cruda de Eucalipto y Aguacate Premium - Enmielate","og_description":"Descubre la miel cruda de eucalipto y aguacate, pura y sin filtrar. Ahora a solo 372,00 \u20ac. Compra online con env\u00edo gratis y garant\u00eda de devoluci\u00f3n 100 d\u00edas.","og_url":"https:\/\/enmielate.com\/en\/producto\/miel-cruda-de-eucalipto-y-aguacate-premium\/","og_site_name":"Enmielate.es","article_modified_time":"2025-06-14T01:52:33+00:00","og_image":[{"width":1024,"height":832,"url":"https:\/\/enmielate.com\/wp-content\/uploads\/2025\/04\/Leonardo_Vision_XL_Fondo_de_pradera_soleada_abejas_en_accin_so_0-1024x832.jpg","type":"image\/jpeg"}],"twitter_card":"summary_large_image","schema":{"@context":"https:\/\/schema.org","@graph":[{"@type":"WebPage","@id":"https:\/\/enmielate.com\/en\/producto\/miel-cruda-de-eucalipto-y-aguacate-premium\/","url":"https:\/\/enmielate.com\/en\/producto\/miel-cruda-de-eucalipto-y-aguacate-premium\/","name":"Miel Cruda de Eucalipto y Aguacate Premium - Enmielate","isPartOf":{"@id":"https:\/\/enmielate.com\/en\/#website"},"primaryImageOfPage":{"@id":"https:\/\/enmielate.com\/en\/producto\/miel-cruda-de-eucalipto-y-aguacate-premium\/#primaryimage"},"image":{"@id":"https:\/\/enmielate.com\/en\/producto\/miel-cruda-de-eucalipto-y-aguacate-premium\/#primaryimage"},"thumbnailUrl":"https:\/\/enmielate.com\/wp-content\/uploads\/2025\/04\/Leonardo_Vision_XL_Fondo_de_pradera_soleada_abejas_en_accin_so_0.jpg","datePublished":"2025-04-27T12:35:37+00:00","dateModified":"2025-06-14T01:52:33+00:00","description":"Descubre la miel cruda de eucalipto y aguacate, pura y sin filtrar. Ahora a solo 372,00 \u20ac. Compra online con env\u00edo gratis y garant\u00eda de devoluci\u00f3n 100 d\u00edas.","breadcrumb":{"@id":"https:\/\/enmielate.com\/en\/producto\/miel-cruda-de-eucalipto-y-aguacate-premium\/#breadcrumb"},"inLanguage":"en-US","potentialAction":[{"@type":"ReadAction","target":["https:\/\/enmielate.com\/en\/producto\/miel-cruda-de-eucalipto-y-aguacate-premium\/"]}]},{"@type":"ImageObject","inLanguage":"en-US","@id":"https:\/\/enmielate.com\/en\/producto\/miel-cruda-de-eucalipto-y-aguacate-premium\/#primaryimage","url":"https:\/\/enmielate.com\/wp-content\/uploads\/2025\/04\/Leonardo_Vision_XL_Fondo_de_pradera_soleada_abejas_en_accin_so_0.jpg","contentUrl":"https:\/\/enmielate.com\/wp-content\/uploads\/2025\/04\/Leonardo_Vision_XL_Fondo_de_pradera_soleada_abejas_en_accin_so_0.jpg","width":1792,"height":1456},{"@type":"BreadcrumbList","@id":"https:\/\/enmielate.com\/en\/producto\/miel-cruda-de-eucalipto-y-aguacate-premium\/#breadcrumb","itemListElement":[{"@type":"ListItem","position":1,"name":"Portada","item":"https:\/\/enmielate.com\/en\/"},{"@type":"ListItem","position":2,"name":"Products","item":"https:\/\/enmielate.com\/en\/shop\/"},{"@type":"ListItem","position":3,"name":"Miel Cruda de Eucalipto y Aguacate Premium"}]},{"@type":"WebSite","@id":"https:\/\/enmielate.com\/en\/#website","url":"https:\/\/enmielate.com\/en\/","name":"Enmielate.es","description":"","publisher":{"@id":"https:\/\/enmielate.com\/en\/#organization"},"potentialAction":[{"@type":"SearchAction","target":{"@type":"EntryPoint","urlTemplate":"https:\/\/enmielate.com\/en\/?s={search_term_string}"},"query-input":{"@type":"PropertyValueSpecification","valueRequired":true,"valueName":"search_term_string"}}],"inLanguage":"en-US"},{"@type":"Organization","@id":"https:\/\/enmielate.com\/en\/#organization","name":"Enmielate.es","url":"https:\/\/enmielate.com\/en\/","logo":{"@type":"ImageObject","inLanguage":"en-US","@id":"https:\/\/enmielate.com\/en\/#\/schema\/logo\/image\/","url":"https:\/\/enmielate.com\/wp-content\/uploads\/2025\/04\/Leonardo_Phoenix_09_Diseo_de_logotipo_para_Enmielate_empresa_d_0.jpg","contentUrl":"https:\/\/enmielate.com\/wp-content\/uploads\/2025\/04\/Leonardo_Phoenix_09_Diseo_de_logotipo_para_Enmielate_empresa_d_0.jpg","width":768,"height":768,"caption":"Enmielate.es"},"image":{"@id":"https:\/\/enmielate.com\/en\/#\/schema\/logo\/image\/"}}]}},"_links":{"self":[{"href":"https:\/\/enmielate.com\/en\/wp-json\/wp\/v2\/product\/608","targetHints":{"allow":["GET"]}}],"collection":[{"href":"https:\/\/enmielate.com\/en\/wp-json\/wp\/v2\/product"}],"about":[{"href":"https:\/\/enmielate.com\/en\/wp-json\/wp\/v2\/types\/product"}],"replies":[{"embeddable":true,"href":"https:\/\/enmielate.com\/en\/wp-json\/wp\/v2\/comments?post=608"}],"wp:featuredmedia":[{"embeddable":true,"href":"https:\/\/enmielate.com\/en\/wp-json\/wp\/v2\/media\/440"}],"wp:attachment":[{"href":"https:\/\/enmielate.com\/en\/wp-json\/wp\/v2\/media?parent=608"}],"wp:term":[{"taxonomy":"marca","embeddable":true,"href":"https:\/\/enmielate.com\/en\/wp-json\/wp\/v2\/marca?post=608"},{"taxonomy":"product_brand","embeddable":true,"href":"https:\/\/enmielate.com\/en\/wp-json\/wp\/v2\/product_brand?post=608"},{"taxonomy":"product_cat","embeddable":true,"href":"https:\/\/enmielate.com\/en\/wp-json\/wp\/v2\/product_cat?post=608"},{"taxonomy":"product_tag","embeddable":true,"href":"https:\/\/enmielate.com\/en\/wp-json\/wp\/v2\/product_tag?post=608"}],"curies":[{"name":"wp","href":"https:\/\/api.w.org\/{rel}","templated":true}]}}